{"id":119,"date":"2024-12-22T13:04:50","date_gmt":"2024-12-22T13:04:50","guid":{"rendered":"https:\/\/dncimmo.de\/?page_id=119"},"modified":"2025-01-17T22:49:51","modified_gmt":"2025-01-17T22:49:51","slug":"unsere-immobilien","status":"publish","type":"page","link":"https:\/\/dncimmo.de\/?page_id=119","title":{"rendered":"Unsere Immobilien"},"content":{"rendered":"\t\t<div data-elementor-type=\"wp-page\" data-elementor-id=\"119\" class=\"elementor elementor-119\" data-elementor-post-type=\"page\">\n\t\t\t\t<div class=\"elementor-element elementor-element-a3b193e e-flex e-con-boxed e-con e-parent\" data-id=\"a3b193e\" data-element_type=\"container\">\n\t\t\t\t\t<div class=\"e-con-inner\">\n\t\t<div class=\"elementor-element elementor-element-dbbf7ba e-con-full e-flex e-con e-child\" data-id=\"dbbf7ba\" data-element_type=\"container\">\n\t\t<div class=\"elementor-element elementor-element-d72bf5c e-con-full e-flex e-con e-child\" data-id=\"d72bf5c\" data-element_type=\"container\" data-settings=\"{&quot;background_background&quot;:&quot;classic&quot;}\">\n\t\t\t\t<div class=\"elementor-element elementor-element-a17dc09 elementor-icon-list--layout-inline elementor-align-center elementor-list-item-link-full_width elementor-invisible elementor-widget elementor-widget-icon-list\" data-id=\"a17dc09\" data-element_type=\"widget\" data-settings=\"{&quot;_animation&quot;:&quot;fadeInUp&quot;}\" data-widget_type=\"icon-list.default\">\n\t\t\t\t<div class=\"elementor-widget-container\">\n\t\t\t\t\t\t\t<ul class=\"elementor-icon-list-items elementor-inline-items\">\n\t\t\t\t\t\t\t<li class=\"elementor-icon-list-item elementor-inline-item\">\n\t\t\t\t\t\t\t\t\t\t\t<a href=\"#\">\n\n\t\t\t\t\t\t\t\t\t\t\t<span class=\"elementor-icon-list-text\">Homepage<\/span>\n\t\t\t\t\t\t\t\t\t\t\t<\/a>\n\t\t\t\t\t\t\t\t\t<\/li>\n\t\t\t\t\t\t\t\t<li class=\"elementor-icon-list-item elementor-inline-item\">\n\t\t\t\t\t\t\t\t\t\t\t<span class=\"elementor-icon-list-icon\">\n\t\t\t\t\t\t\t<svg aria-hidden=\"true\" class=\"e-font-icon-svg e-fas-angle-right\" viewBox=\"0 0 256 512\" xmlns=\"http:\/\/www.w3.org\/2000\/svg\"><path d=\"M224.3 273l-136 136c-9.4 9.4-24.6 9.4-33.9 0l-22.6-22.6c-9.4-9.4-9.4-24.6 0-33.9l96.4-96.4-96.4-96.4c-9.4-9.4-9.4-24.6 0-33.9L54.3 103c9.4-9.4 24.6-9.4 33.9 0l136 136c9.5 9.4 9.5 24.6.1 34z\"><\/path><\/svg>\t\t\t\t\t\t<\/span>\n\t\t\t\t\t\t\t\t\t\t<span class=\"elementor-icon-list-text\"><\/span>\n\t\t\t\t\t\t\t\t\t<\/li>\n\t\t\t\t\t\t\t\t<li class=\"elementor-icon-list-item elementor-inline-item\">\n\t\t\t\t\t\t\t\t\t\t<span class=\"elementor-icon-list-text\">Immobilien<\/span>\n\t\t\t\t\t\t\t\t\t<\/li>\n\t\t\t\t\t\t<\/ul>\n\t\t\t\t\t\t<\/div>\n\t\t\t\t<\/div>\n\t\t\t\t<div class=\"elementor-element elementor-element-ec8d34f elementor-invisible elementor-widget elementor-widget-heading\" data-id=\"ec8d34f\" data-element_type=\"widget\" data-settings=\"{&quot;_animation&quot;:&quot;fadeInUp&quot;}\" data-widget_type=\"heading.default\">\n\t\t\t\t<div class=\"elementor-widget-container\">\n\t\t\t\t\t<h1 class=\"elementor-heading-title elementor-size-default\">Immobilien<\/h1>\t\t\t\t<\/div>\n\t\t\t\t<\/div>\n\t\t\t\t<\/div>\n\t\t\t\t<\/div>\n\t\t\t\t\t<\/div>\n\t\t\t\t<\/div>\n\t\t<div class=\"elementor-element elementor-element-b468656 e-flex e-con-boxed e-con e-parent\" data-id=\"b468656\" data-element_type=\"container\">\n\t\t\t\t\t<div class=\"e-con-inner\">\n\t\t\t\t<div class=\"elementor-element elementor-element-f1cd7b7 elementor-widget__width-initial elementor-widget elementor-widget-html\" data-id=\"f1cd7b7\" data-element_type=\"widget\" data-widget_type=\"html.default\">\n\t\t\t\t<div class=\"elementor-widget-container\">\n\t\t\t\t\t<div style=\"width:100%; height:100vh;\">\n    <div class=\"BorlabsCookie\"><div class=\"_brlbs-content-blocker\"> <div class=\"_brlbs-default\"> <p>Click on the button to load the content from crm.propstack.de.<\/p> <p><a class=\"_brlbs-btn\" href=\"#\" data-borlabs-cookie-unblock role=\"button\">Load content<\/a><\/p> <\/div> <\/div><div class=\"borlabs-hide\" data-borlabs-cookie-type=\"content-blocker\" data-borlabs-cookie-id=\"default\"><script type=\"text\/template\">PGlmcmFtZSAKICAgICAgICBpZD0ibXlJZnJhbWUiCiAgICAgICAgc3JjPSJodHRwczovL2NybS5wcm9wc3RhY2suZGUvcHVibGljL3cvcGYvMVhYTTVtM1NzRVRLUWRLWGltRXZRbXlGIiAKICAgICAgICB3aWR0aD0iMTAwJSIgCiAgICAgICAgaGVpZ2h0PSIxMDAlIiAKICAgICAgICBzdHlsZT0iYm9yZGVyOm5vbmU7IG92ZXJmbG93OmF1dG87IiAKICAgICAgICBzY3JvbGxpbmc9InllcyI+CiAgICA8L2lmcmFtZT4=<\/script><\/div><\/div>\n<\/div>\n\n<style>\n    \/* Buton tamamen g\u00f6r\u00fcnmez hale getiriliyor *\/\n    .BorlabsCookie ._brlbs-content-blocker {\n        visibility: hidden; \/* G\u00f6r\u00fcn\u00fcrl\u00fc\u011f\u00fc kald\u0131r\u0131r *\/\n        opacity: 0; \/* \u015eeffaf yapar *\/\n    }\n\n    \/* Scrollbar'\u0131 gizlemek i\u00e7in iframe'e \u00f6zel CSS *\/\n    iframe {\n        scrollbar-width: none; \/* Firefox i\u00e7in kayd\u0131rma \u00e7ubu\u011funu gizle *\/\n        -ms-overflow-style: none; \/* Internet Explorer i\u00e7in kayd\u0131rma \u00e7ubu\u011funu gizle *\/\n    }\n\n    iframe::-webkit-scrollbar {\n        display: none; \/* Webkit tabanl\u0131 taray\u0131c\u0131lar (Chrome, Safari) i\u00e7in kayd\u0131rma \u00e7ubu\u011funu gizle *\/\n    }\n<\/style>\n\n<script>\n    document.addEventListener(\"DOMContentLoaded\", function () {\n        \/\/ Butonu se\u00e7 ve t\u0131kla\n        function clickButton() {\n            const button = document.querySelector('.BorlabsCookie ._brlbs-content-blocker a._brlbs-btn');\n            if (button) {\n                button.click(); \/\/ Butonu otomatik t\u0131kla\n                console.log(\"Buton otomatik olarak t\u0131kland\u0131.\");\n            } else {\n                console.error(\"Buton bulunamad\u0131. G\u00f6zlemci bekliyor...\");\n            }\n        }\n\n        \/\/ \u0130lk kontrol\n        clickButton();\n\n        \/\/ Dinamik y\u00fckleme i\u00e7in g\u00f6zlemci\n        const observer = new MutationObserver(() => {\n            clickButton();\n        });\n\n        observer.observe(document.body, {\n            childList: true,\n            subtree: true\n        });\n    });\n<\/script>\n\t\t\t\t<\/div>\n\t\t\t\t<\/div>\n\t\t\t\t\t<\/div>\n\t\t\t\t<\/div>\n\t\t\t\t<\/div>\n\t\t","protected":false},"excerpt":{"rendered":"<p>Homepage Immobilien Immobilien Click on the button to load the content from crm.propstack.de. Load content<\/p>\n","protected":false},"author":1,"featured_media":0,"parent":0,"menu_order":0,"comment_status":"closed","ping_status":"closed","template":"elementor_header_footer","meta":{"_acf_changed":false,"_joinchat":[],"footnotes":""},"class_list":["post-119","page","type-page","status-publish","hentry"],"acf":[],"_links":{"self":[{"href":"https:\/\/dncimmo.de\/index.php?rest_route=\/wp\/v2\/pages\/119","targetHints":{"allow":["GET"]}}],"collection":[{"href":"https:\/\/dncimmo.de\/index.php?rest_route=\/wp\/v2\/pages"}],"about":[{"href":"https:\/\/dncimmo.de\/index.php?rest_route=\/wp\/v2\/types\/page"}],"author":[{"embeddable":true,"href":"https:\/\/dncimmo.de\/index.php?rest_route=\/wp\/v2\/users\/1"}],"replies":[{"embeddable":true,"href":"https:\/\/dncimmo.de\/index.php?rest_route=%2Fwp%2Fv2%2Fcomments&post=119"}],"version-history":[{"count":10,"href":"https:\/\/dncimmo.de\/index.php?rest_route=\/wp\/v2\/pages\/119\/revisions"}],"predecessor-version":[{"id":1084,"href":"https:\/\/dncimmo.de\/index.php?rest_route=\/wp\/v2\/pages\/119\/revisions\/1084"}],"wp:attachment":[{"href":"https:\/\/dncimmo.de\/index.php?rest_route=%2Fwp%2Fv2%2Fmedia&parent=119"}],"curies":[{"name":"wp","href":"https:\/\/api.w.org\/{rel}","templated":true}]}}