{"id":701,"date":"2025-01-05T14:24:13","date_gmt":"2025-01-05T14:24:13","guid":{"rendered":"https:\/\/dncimmo.de\/?page_id=701"},"modified":"2025-01-17T17:13:32","modified_gmt":"2025-01-17T17:13:32","slug":"vermieten","status":"publish","type":"page","link":"https:\/\/dncimmo.de\/?page_id=701","title":{"rendered":"Vermieten"},"content":{"rendered":"\t\t<div data-elementor-type=\"wp-page\" data-elementor-id=\"701\" class=\"elementor elementor-701\" data-elementor-post-type=\"page\">\n\t\t\t\t<div class=\"elementor-element elementor-element-76e7261e e-con-full e-flex e-con e-parent\" data-id=\"76e7261e\" data-element_type=\"container\">\n\t\t<div class=\"elementor-element elementor-element-5cf70616 e-con-full e-flex e-con e-child\" data-id=\"5cf70616\" data-element_type=\"container\" data-settings=\"{&quot;background_background&quot;:&quot;classic&quot;}\">\n\t\t\t\t<div class=\"elementor-element elementor-element-34a4f1a3 elementor-icon-list--layout-inline elementor-align-center elementor-list-item-link-full_width elementor-invisible elementor-widget elementor-widget-icon-list\" data-id=\"34a4f1a3\" data-element_type=\"widget\" data-settings=\"{&quot;_animation&quot;:&quot;fadeInUp&quot;}\" data-widget_type=\"icon-list.default\">\n\t\t\t\t<div class=\"elementor-widget-container\">\n\t\t\t\t\t\t\t<ul class=\"elementor-icon-list-items elementor-inline-items\">\n\t\t\t\t\t\t\t<li class=\"elementor-icon-list-item elementor-inline-item\">\n\t\t\t\t\t\t\t\t\t\t\t<a href=\"#\">\n\n\t\t\t\t\t\t\t\t\t\t\t<span class=\"elementor-icon-list-text\">Homepage<\/span>\n\t\t\t\t\t\t\t\t\t\t\t<\/a>\n\t\t\t\t\t\t\t\t\t<\/li>\n\t\t\t\t\t\t\t\t<li class=\"elementor-icon-list-item elementor-inline-item\">\n\t\t\t\t\t\t\t\t\t\t\t<span class=\"elementor-icon-list-icon\">\n\t\t\t\t\t\t\t<svg aria-hidden=\"true\" class=\"e-font-icon-svg e-fas-angle-right\" viewBox=\"0 0 256 512\" xmlns=\"http:\/\/www.w3.org\/2000\/svg\"><path d=\"M224.3 273l-136 136c-9.4 9.4-24.6 9.4-33.9 0l-22.6-22.6c-9.4-9.4-9.4-24.6 0-33.9l96.4-96.4-96.4-96.4c-9.4-9.4-9.4-24.6 0-33.9L54.3 103c9.4-9.4 24.6-9.4 33.9 0l136 136c9.5 9.4 9.5 24.6.1 34z\"><\/path><\/svg>\t\t\t\t\t\t<\/span>\n\t\t\t\t\t\t\t\t\t\t<span class=\"elementor-icon-list-text\"><\/span>\n\t\t\t\t\t\t\t\t\t<\/li>\n\t\t\t\t\t\t\t\t<li class=\"elementor-icon-list-item elementor-inline-item\">\n\t\t\t\t\t\t\t\t\t\t<span class=\"elementor-icon-list-text\">Vermieten<\/span>\n\t\t\t\t\t\t\t\t\t<\/li>\n\t\t\t\t\t\t<\/ul>\n\t\t\t\t\t\t<\/div>\n\t\t\t\t<\/div>\n\t\t\t\t<div class=\"elementor-element elementor-element-763c8b13 elementor-invisible elementor-widget elementor-widget-heading\" data-id=\"763c8b13\" data-element_type=\"widget\" data-settings=\"{&quot;_animation&quot;:&quot;fadeInUp&quot;}\" data-widget_type=\"heading.default\">\n\t\t\t\t<div class=\"elementor-widget-container\">\n\t\t\t\t\t<h1 class=\"elementor-heading-title elementor-size-default\">Vermieten<\/h1>\t\t\t\t<\/div>\n\t\t\t\t<\/div>\n\t\t\t\t<\/div>\n\t\t\t\t<\/div>\n\t\t<div class=\"elementor-element elementor-element-2d3cfa4 e-flex e-con-boxed e-con e-parent\" data-id=\"2d3cfa4\" data-element_type=\"container\">\n\t\t\t\t\t<div class=\"e-con-inner\">\n\t\t\t\t<div class=\"elementor-element elementor-element-fd5111a elementor-widget elementor-widget-spacer\" data-id=\"fd5111a\" data-element_type=\"widget\" data-widget_type=\"spacer.default\">\n\t\t\t\t<div class=\"elementor-widget-container\">\n\t\t\t\t\t\t\t<div class=\"elementor-spacer\">\n\t\t\t<div class=\"elementor-spacer-inner\"><\/div>\n\t\t<\/div>\n\t\t\t\t\t\t<\/div>\n\t\t\t\t<\/div>\n\t\t\t\t<div class=\"elementor-element elementor-element-d410527 elementor-invisible elementor-widget elementor-widget-heading\" data-id=\"d410527\" data-element_type=\"widget\" data-settings=\"{&quot;_animation&quot;:&quot;fadeInUp&quot;}\" data-widget_type=\"heading.default\">\n\t\t\t\t<div class=\"elementor-widget-container\">\n\t\t\t\t\t<h4 class=\"elementor-heading-title elementor-size-default\">Vertrauen Sie auf unsere Vermietungsexperten<\/h4>\t\t\t\t<\/div>\n\t\t\t\t<\/div>\n\t\t\t\t<div class=\"elementor-element elementor-element-fb8a2d4 elementor-widget-divider--view-line elementor-widget elementor-widget-divider\" data-id=\"fb8a2d4\" data-element_type=\"widget\" data-widget_type=\"divider.default\">\n\t\t\t\t<div class=\"elementor-widget-container\">\n\t\t\t\t\t\t\t<div class=\"elementor-divider\">\n\t\t\t<span class=\"elementor-divider-separator\">\n\t\t\t\t\t\t<\/span>\n\t\t<\/div>\n\t\t\t\t\t\t<\/div>\n\t\t\t\t<\/div>\n\t\t\t\t<div class=\"elementor-element elementor-element-712eff8 elementor-invisible elementor-widget elementor-widget-heading\" data-id=\"712eff8\" data-element_type=\"widget\" data-settings=\"{&quot;_animation&quot;:&quot;fadeInUp&quot;}\" data-widget_type=\"heading.default\">\n\t\t\t\t<div class=\"elementor-widget-container\">\n\t\t\t\t\t<h5 class=\"elementor-heading-title elementor-size-default\">Erfahrung, Professionalit\u00e4t, Kompetenz<\/h5>\t\t\t\t<\/div>\n\t\t\t\t<\/div>\n\t\t\t\t<div class=\"elementor-element elementor-element-aa554aa elementor-widget elementor-widget-text-editor\" data-id=\"aa554aa\" data-element_type=\"widget\" data-widget_type=\"text-editor.default\">\n\t\t\t\t<div class=\"elementor-widget-container\">\n\t\t\t\t\t\t\t\t\t<p>Die Experten von DNC Immobilien verf\u00fcgen \u00fcber umfassende Erfahrung in der Vermietung von Immobilien. Entdecken Sie hier unsere aktuellen Angebote, informieren Sie sich \u00fcber unsere umfangreichen Leistungen f\u00fcr Vermieter, profitieren Sie von unserer Fachkompetenz und werfen Sie einen Blick in unseren Ratgeber zu wichtigen Mietthemen.<\/p>\t\t\t\t\t\t\t\t<\/div>\n\t\t\t\t<\/div>\n\t\t\t\t\t<\/div>\n\t\t\t\t<\/div>\n\t\t<div class=\"elementor-element elementor-element-321fe32 e-flex e-con-boxed e-con e-parent\" data-id=\"321fe32\" data-element_type=\"container\">\n\t\t\t\t\t<div class=\"e-con-inner\">\n\t\t\t\t<div class=\"elementor-element elementor-element-6fabd9c elementor-widget-divider--view-line elementor-widget elementor-widget-divider\" data-id=\"6fabd9c\" data-element_type=\"widget\" data-widget_type=\"divider.default\">\n\t\t\t\t<div class=\"elementor-widget-container\">\n\t\t\t\t\t\t\t<div class=\"elementor-divider\">\n\t\t\t<span class=\"elementor-divider-separator\">\n\t\t\t\t\t\t<\/span>\n\t\t<\/div>\n\t\t\t\t\t\t<\/div>\n\t\t\t\t<\/div>\n\t\t\t\t\t<\/div>\n\t\t\t\t<\/div>\n\t\t<div class=\"elementor-element elementor-element-2bb53c3 e-flex e-con-boxed e-con e-parent\" data-id=\"2bb53c3\" data-element_type=\"container\">\n\t\t\t\t\t<div class=\"e-con-inner\">\n\t\t<div class=\"elementor-element elementor-element-7c17807 e-con-full e-flex e-con e-child\" data-id=\"7c17807\" data-element_type=\"container\">\n\t\t\t\t<div class=\"elementor-element elementor-element-9824c34 elementor-widget elementor-widget-image\" data-id=\"9824c34\" data-element_type=\"widget\" data-widget_type=\"image.default\">\n\t\t\t\t<div class=\"elementor-widget-container\">\n\t\t\t\t\t\t\t\t\t\t\t\t\t\t\t<img fetchpriority=\"high\" decoding=\"async\" width=\"800\" height=\"600\" src=\"https:\/\/dncimmo.de\/wp-content\/uploads\/2025\/01\/1.jpg\" class=\"attachment-large size-large wp-image-764\" alt=\"\" srcset=\"https:\/\/dncimmo.de\/wp-content\/uploads\/2025\/01\/1.jpg 800w, https:\/\/dncimmo.de\/wp-content\/uploads\/2025\/01\/1-300x225.jpg 300w, https:\/\/dncimmo.de\/wp-content\/uploads\/2025\/01\/1-768x576.jpg 768w\" sizes=\"(max-width: 800px) 100vw, 800px\" \/>\t\t\t\t\t\t\t\t\t\t\t\t\t\t\t<\/div>\n\t\t\t\t<\/div>\n\t\t\t\t<div class=\"elementor-element elementor-element-06f61f6 elementor-widget elementor-widget-heading\" data-id=\"06f61f6\" data-element_type=\"widget\" data-widget_type=\"heading.default\">\n\t\t\t\t<div class=\"elementor-widget-container\">\n\t\t\t\t\t<h5 class=\"elementor-heading-title elementor-size-default\">Immobilie mieten<\/h5>\t\t\t\t<\/div>\n\t\t\t\t<\/div>\n\t\t\t\t<div class=\"elementor-element elementor-element-e040b8f elementor-widget elementor-widget-text-editor\" data-id=\"e040b8f\" data-element_type=\"widget\" data-widget_type=\"text-editor.default\">\n\t\t\t\t<div class=\"elementor-widget-container\">\n\t\t\t\t\t\t\t\t\t<p>Sind Sie auf der Suche nach einem Haus oder einer Wohnung zur Miete in Sigmaringen und Umgebung? Seit Jahren ist DNC Immobilien Ihr zuverl\u00e4ssiger Partner f\u00fcr die erfolgreiche Vermittlung von Mietobjekten. Nutzen Sie unseren individuelle kostenlose Beratung, um Ihre individuellen W\u00fcnsche zu hinterlegen, oder informieren Sie sich.<\/p>\t\t\t\t\t\t\t\t<\/div>\n\t\t\t\t<\/div>\n\t\t\t\t<\/div>\n\t\t<div class=\"elementor-element elementor-element-3f1a42d e-con-full e-flex e-con e-child\" data-id=\"3f1a42d\" data-element_type=\"container\">\n\t\t\t\t<div class=\"elementor-element elementor-element-ecf7070 elementor-widget elementor-widget-image\" data-id=\"ecf7070\" data-element_type=\"widget\" data-widget_type=\"image.default\">\n\t\t\t\t<div class=\"elementor-widget-container\">\n\t\t\t\t\t\t\t\t\t\t\t\t\t\t\t<img decoding=\"async\" width=\"800\" height=\"600\" src=\"https:\/\/dncimmo.de\/wp-content\/uploads\/2025\/01\/2.jpg\" class=\"attachment-large size-large wp-image-762\" alt=\"\" srcset=\"https:\/\/dncimmo.de\/wp-content\/uploads\/2025\/01\/2.jpg 800w, https:\/\/dncimmo.de\/wp-content\/uploads\/2025\/01\/2-300x225.jpg 300w, https:\/\/dncimmo.de\/wp-content\/uploads\/2025\/01\/2-768x576.jpg 768w\" sizes=\"(max-width: 800px) 100vw, 800px\" \/>\t\t\t\t\t\t\t\t\t\t\t\t\t\t\t<\/div>\n\t\t\t\t<\/div>\n\t\t\t\t<div class=\"elementor-element elementor-element-ef91459 elementor-widget elementor-widget-heading\" data-id=\"ef91459\" data-element_type=\"widget\" data-widget_type=\"heading.default\">\n\t\t\t\t<div class=\"elementor-widget-container\">\n\t\t\t\t\t<h5 class=\"elementor-heading-title elementor-size-default\">Immobilie vermieten<\/h5>\t\t\t\t<\/div>\n\t\t\t\t<\/div>\n\t\t\t\t<div class=\"elementor-element elementor-element-df88cf3 elementor-widget elementor-widget-text-editor\" data-id=\"df88cf3\" data-element_type=\"widget\" data-widget_type=\"text-editor.default\">\n\t\t\t\t<div class=\"elementor-widget-container\">\n\t\t\t\t\t\t\t\t\t<p>M\u00f6chten Sie Ihre Immobilie erfolgreich und langfristig vermieten? Vertrauen Sie auf die langj\u00e4hrige Erfahrung und das weitreichende Netzwerk der Vermietungsexperten von dnc Immobilien. Wir finden f\u00fcr Sie einen zuverl\u00e4ssigen Mieter.<\/p>\t\t\t\t\t\t\t\t<\/div>\n\t\t\t\t<\/div>\n\t\t\t\t<\/div>\n\t\t<div class=\"elementor-element elementor-element-9c67b3b e-con-full e-flex e-con e-child\" data-id=\"9c67b3b\" data-element_type=\"container\">\n\t\t\t\t<div class=\"elementor-element elementor-element-a2bafdc elementor-widget elementor-widget-image\" data-id=\"a2bafdc\" data-element_type=\"widget\" data-widget_type=\"image.default\">\n\t\t\t\t<div class=\"elementor-widget-container\">\n\t\t\t\t\t\t\t\t\t\t\t\t\t\t\t<img decoding=\"async\" width=\"800\" height=\"600\" src=\"https:\/\/dncimmo.de\/wp-content\/uploads\/2025\/01\/3.jpg\" class=\"attachment-large size-large wp-image-763\" alt=\"\" srcset=\"https:\/\/dncimmo.de\/wp-content\/uploads\/2025\/01\/3.jpg 800w, https:\/\/dncimmo.de\/wp-content\/uploads\/2025\/01\/3-300x225.jpg 300w, https:\/\/dncimmo.de\/wp-content\/uploads\/2025\/01\/3-768x576.jpg 768w\" sizes=\"(max-width: 800px) 100vw, 800px\" \/>\t\t\t\t\t\t\t\t\t\t\t\t\t\t\t<\/div>\n\t\t\t\t<\/div>\n\t\t\t\t<div class=\"elementor-element elementor-element-f4bd1e8 elementor-widget elementor-widget-heading\" data-id=\"f4bd1e8\" data-element_type=\"widget\" data-widget_type=\"heading.default\">\n\t\t\t\t<div class=\"elementor-widget-container\">\n\t\t\t\t\t<h5 class=\"elementor-heading-title elementor-size-default\">Referenzen Vermietung<\/h5>\t\t\t\t<\/div>\n\t\t\t\t<\/div>\n\t\t\t\t<div class=\"elementor-element elementor-element-dadbd42 elementor-widget elementor-widget-text-editor\" data-id=\"dadbd42\" data-element_type=\"widget\" data-widget_type=\"text-editor.default\">\n\t\t\t\t<div class=\"elementor-widget-container\">\n\t\t\t\t\t\t\t\t\t<p>Bereits zahlreiche Wohnungen und H\u00e4user in S\u0131gmar\u0131ngen und Umgebung konnten wir erfolgreich vermieten. Unsere Referenzen geben Ihnen einen Einblick in unsere Arbeit und zeigen, wie zufrieden unsere Kunden mit unseren Leistungen sind.<\/p>\t\t\t\t\t\t\t\t<\/div>\n\t\t\t\t<\/div>\n\t\t\t\t<\/div>\n\t\t\t\t\t<\/div>\n\t\t\t\t<\/div>\n\t\t<div class=\"elementor-element elementor-element-452d585 e-flex e-con-boxed e-con e-parent\" data-id=\"452d585\" data-element_type=\"container\" data-settings=\"{&quot;background_background&quot;:&quot;classic&quot;}\">\n\t\t\t\t\t<div class=\"e-con-inner\">\n\t\t<div class=\"elementor-element elementor-element-aafcd7c e-con-full e-flex e-con e-child\" data-id=\"aafcd7c\" data-element_type=\"container\">\n\t\t<div class=\"elementor-element elementor-element-08403cc e-con-full e-flex elementor-invisible e-con e-child\" data-id=\"08403cc\" data-element_type=\"container\" data-settings=\"{&quot;background_background&quot;:&quot;classic&quot;,&quot;animation&quot;:&quot;fadeInUp&quot;}\">\n\t\t<div class=\"elementor-element elementor-element-61d6198 e-con-full e-flex e-con e-child\" data-id=\"61d6198\" data-element_type=\"container\">\n\t\t\t\t<div class=\"elementor-element elementor-element-bd0b5ba elementor-widget elementor-widget-heading\" data-id=\"bd0b5ba\" data-element_type=\"widget\" data-widget_type=\"heading.default\">\n\t\t\t\t<div class=\"elementor-widget-container\">\n\t\t\t\t\t<h2 class=\"elementor-heading-title elementor-size-default\">\nKontaktieren Sie uns!\n<\/h2>\t\t\t\t<\/div>\n\t\t\t\t<\/div>\n\t\t\t\t<div class=\"elementor-element elementor-element-6658b57 elementor-widget elementor-widget-text-editor\" data-id=\"6658b57\" data-element_type=\"widget\" data-widget_type=\"text-editor.default\">\n\t\t\t\t<div class=\"elementor-widget-container\">\n\t\t\t\t\t\t\t\t\t<p>Sie k\u00f6nnen uns bei allen Fragen und W\u00fcnschen kontaktieren. Unser Expertenteam ist bereit, Ihnen so schnell wie m\u00f6glich zu helfen.<\/p>\t\t\t\t\t\t\t\t<\/div>\n\t\t\t\t<\/div>\n\t\t\t\t<\/div>\n\t\t<div class=\"elementor-element elementor-element-251eddf e-con-full e-flex e-con e-child\" data-id=\"251eddf\" data-element_type=\"container\">\n\t\t\t\t<div class=\"elementor-element elementor-element-b6c5dde elementor-icon-list--layout-traditional elementor-list-item-link-full_width elementor-widget elementor-widget-icon-list\" data-id=\"b6c5dde\" data-element_type=\"widget\" data-widget_type=\"icon-list.default\">\n\t\t\t\t<div class=\"elementor-widget-container\">\n\t\t\t\t\t\t\t<ul class=\"elementor-icon-list-items\">\n\t\t\t\t\t\t\t<li class=\"elementor-icon-list-item\">\n\t\t\t\t\t\t\t\t\t\t\t<a href=\"#\">\n\n\t\t\t\t\t\t\t\t\t\t\t\t<span class=\"elementor-icon-list-icon\">\n\t\t\t\t\t\t\t<i aria-hidden=\"true\" class=\"icon icon-phone1\"><\/i>\t\t\t\t\t\t<\/span>\n\t\t\t\t\t\t\t\t\t\t<span class=\"elementor-icon-list-text\">+49 1520 603 08 80<\/span>\n\t\t\t\t\t\t\t\t\t\t\t<\/a>\n\t\t\t\t\t\t\t\t\t<\/li>\n\t\t\t\t\t\t\t\t<li class=\"elementor-icon-list-item\">\n\t\t\t\t\t\t\t\t\t\t\t<a href=\"#\">\n\n\t\t\t\t\t\t\t\t\t\t\t\t<span class=\"elementor-icon-list-icon\">\n\t\t\t\t\t\t\t<i aria-hidden=\"true\" class=\"icon icon-phone1\"><\/i>\t\t\t\t\t\t<\/span>\n\t\t\t\t\t\t\t\t\t\t<span class=\"elementor-icon-list-text\">+49 171 173 42 65<\/span>\n\t\t\t\t\t\t\t\t\t\t\t<\/a>\n\t\t\t\t\t\t\t\t\t<\/li>\n\t\t\t\t\t\t<\/ul>\n\t\t\t\t\t\t<\/div>\n\t\t\t\t<\/div>\n\t\t\t\t<div class=\"elementor-element elementor-element-7baa8dd elementor-invisible elementor-widget elementor-widget-button\" data-id=\"7baa8dd\" data-element_type=\"widget\" data-settings=\"{&quot;_animation&quot;:&quot;fadeInUp&quot;}\" data-widget_type=\"button.default\">\n\t\t\t\t<div class=\"elementor-widget-container\">\n\t\t\t\t\t\t\t\t\t<div class=\"elementor-button-wrapper\">\n\t\t\t\t\t<a class=\"elementor-button elementor-button-link elementor-size-sm\" href=\"https:\/\/dncimmo.de\/?page_id=88\">\n\t\t\t\t\t\t<span class=\"elementor-button-content-wrapper\">\n\t\t\t\t\t\t\t\t\t<span class=\"elementor-button-text\">Nachricht senden<\/span>\n\t\t\t\t\t<\/span>\n\t\t\t\t\t<\/a>\n\t\t\t\t<\/div>\n\t\t\t\t\t\t\t\t<\/div>\n\t\t\t\t<\/div>\n\t\t\t\t<\/div>\n\t\t\t\t<\/div>\n\t\t\t\t<\/div>\n\t\t\t\t\t<\/div>\n\t\t\t\t<\/div>\n\t\t\t\t<\/div>\n\t\t","protected":false},"excerpt":{"rendered":"<p>Homepage Vermieten Vermieten Vertrauen Sie auf unsere Vermietungsexperten Erfahrung, Professionalit\u00e4t, Kompetenz Die Experten von DNC Immobilien verf\u00fcgen \u00fcber umfassende Erfahrung in der Vermietung von Immobilien. Entdecken Sie hier unsere aktuellen Angebote, informieren Sie sich \u00fcber unsere umfangreichen Leistungen f\u00fcr Vermieter, profitieren Sie von unserer Fachkompetenz und werfen Sie einen Blick in unseren Ratgeber zu wichtigen [&hellip;]<\/p>\n","protected":false},"author":1,"featured_media":0,"parent":0,"menu_order":0,"comment_status":"closed","ping_status":"closed","template":"elementor_header_footer","meta":{"_acf_changed":false,"_joinchat":[],"footnotes":""},"class_list":["post-701","page","type-page","status-publish","hentry"],"acf":[],"_links":{"self":[{"href":"https:\/\/dncimmo.de\/index.php?rest_route=\/wp\/v2\/pages\/701","targetHints":{"allow":["GET"]}}],"collection":[{"href":"https:\/\/dncimmo.de\/index.php?rest_route=\/wp\/v2\/pages"}],"about":[{"href":"https:\/\/dncimmo.de\/index.php?rest_route=\/wp\/v2\/types\/page"}],"author":[{"embeddable":true,"href":"https:\/\/dncimmo.de\/index.php?rest_route=\/wp\/v2\/users\/1"}],"replies":[{"embeddable":true,"href":"https:\/\/dncimmo.de\/index.php?rest_route=%2Fwp%2Fv2%2Fcomments&post=701"}],"version-history":[{"count":10,"href":"https:\/\/dncimmo.de\/index.php?rest_route=\/wp\/v2\/pages\/701\/revisions"}],"predecessor-version":[{"id":1044,"href":"https:\/\/dncimmo.de\/index.php?rest_route=\/wp\/v2\/pages\/701\/revisions\/1044"}],"wp:attachment":[{"href":"https:\/\/dncimmo.de\/index.php?rest_route=%2Fwp%2Fv2%2Fmedia&parent=701"}],"curies":[{"name":"wp","href":"https:\/\/api.w.org\/{rel}","templated":true}]}}